{"id":3,"date":"2024-04-30T18:35:38","date_gmt":"2024-04-30T18:35:38","guid":{"rendered":"https:\/\/www.audox.mx\/power-bi-streaming\/servicios\/"},"modified":"2024-04-30T18:35:38","modified_gmt":"2024-04-30T18:35:38","slug":"servicios","status":"publish","type":"page","link":"https:\/\/www.audox.mx\/power-bi-streaming\/servicios\/","title":{"rendered":"Servicios"},"content":{"rendered":"<h2>\u00bfQu\u00e9 es Power BI Streaming y c\u00f3mo puede ayudar al crecimiento de tu negocio?<\/h2>\n<\/p>\n<h2>Servicios para Power BI Streaming<\/h2>\n<p>Nuestros servicios para <strong>Power BI Streaming<\/strong> consisten en:<\/p>\n<ul>\n<li>Implementaci\u00f3n<\/li>\n<li>Capacitaci\u00f3n<\/li>\n<li>Soporte<\/li>\n<\/ul>\n<h3>Servicios para Power BI Streaming con Audox<\/h3>\n<p>En Audox <a href=\"https:\/\/www.youtube.com\/@audox.com_es\">somos expertos<\/a> en implementaci\u00f3n, soporte y capacitaci\u00f3n de Power BI Streaming para empresas peque\u00f1as, medianas y grandes gracias a nuestra amplia experiencia de m\u00e1s de una d\u00e9cada en el \u00e1rea de la tecnolog\u00eda e ingenier\u00eda.<\/p>\n","protected":false},"excerpt":{"rendered":"<p>\u00bfQu\u00e9 es Power BI Streaming y c\u00f3mo puede ayudar al crecimiento de tu negocio? Servicios para Power BI Streaming Nuestros servicios para Power BI Streaming consisten en: Implementaci\u00f3n Capacitaci\u00f3n Soporte Servicios para Power BI Streaming con Audox En Audox somos &hellip;<\/p>\n<p class=\"read-more\"> <a class=\"more-link\" href=\"https:\/\/www.audox.mx\/power-bi-streaming\/servicios\/\"> <span class=\"screen-reader-text\">Servicios<\/span> Leer m\u00e1s \u00bb<\/a><\/p>\n","protected":false},"author":1,"featured_media":0,"parent":0,"menu_order":1,"comment_status":"closed","ping_status":"closed","template":"","meta":{"om_disable_all_campaigns":false,"_monsterinsights_skip_tracking":false,"_monsterinsights_sitenote_active":false,"_monsterinsights_sitenote_note":"","_monsterinsights_sitenote_category":0,"footnotes":""},"class_list":["post-3","page","type-page","status-publish","hentry"],"yoast_head":"<!-- This site is optimized with the Yoast SEO plugin v27.3 - https:\/\/yoast.com\/product\/yoast-seo-wordpress\/ -->\n<title>Servicios - Power BI Streaming Expertos<\/title>\n<meta name=\"description\" content=\"Implementaci\u00f3n, Capacitaci\u00f3n y Soporte Especializado para Power BI Streaming en M\u00e9xico. Potencia Power BI Streaming con nuestros Expertos. Ll\u00e1manos!\" \/>\n<meta name=\"robots\" content=\"index, follow, max-snippet:-1, max-image-preview:large, max-video-preview:-1\" \/>\n<link rel=\"canonical\" href=\"https:\/\/www.audox.mx\/power-bi-streaming\/servicios\/\" \/>\n<meta property=\"og:locale\" content=\"es_MX\" \/>\n<meta property=\"og:type\" content=\"article\" \/>\n<meta property=\"og:title\" content=\"Servicios - Power BI Streaming Expertos\" \/>\n<meta property=\"og:description\" content=\"Implementaci\u00f3n, Capacitaci\u00f3n y Soporte Especializado para Power BI Streaming en M\u00e9xico. Potencia Power BI Streaming con nuestros Expertos. Ll\u00e1manos!\" \/>\n<meta property=\"og:url\" content=\"https:\/\/www.audox.mx\/power-bi-streaming\/servicios\/\" \/>\n<meta property=\"og:site_name\" content=\"Power BI Streaming Expertos\" \/>\n<meta name=\"twitter:card\" content=\"summary_large_image\" \/>\n<script type=\"application\/ld+json\" class=\"yoast-schema-graph\">{\"@context\":\"https:\\\/\\\/schema.org\",\"@graph\":[{\"@type\":\"WebPage\",\"@id\":\"https:\\\/\\\/www.audox.mx\\\/power-bi-streaming\\\/servicios\\\/\",\"url\":\"https:\\\/\\\/www.audox.mx\\\/power-bi-streaming\\\/servicios\\\/\",\"name\":\"Servicios - Power BI Streaming Expertos\",\"isPartOf\":{\"@id\":\"https:\\\/\\\/www.audox.mx\\\/power-bi-streaming\\\/#website\"},\"datePublished\":\"2024-04-30T18:35:38+00:00\",\"description\":\"Implementaci\u00f3n, Capacitaci\u00f3n y Soporte Especializado para Power BI Streaming en M\u00e9xico. Potencia Power BI Streaming con nuestros Expertos. Ll\u00e1manos!\",\"breadcrumb\":{\"@id\":\"https:\\\/\\\/www.audox.mx\\\/power-bi-streaming\\\/servicios\\\/#breadcrumb\"},\"inLanguage\":\"es\",\"potentialAction\":[{\"@type\":\"ReadAction\",\"target\":[\"https:\\\/\\\/www.audox.mx\\\/power-bi-streaming\\\/servicios\\\/\"]}]},{\"@type\":\"BreadcrumbList\",\"@id\":\"https:\\\/\\\/www.audox.mx\\\/power-bi-streaming\\\/servicios\\\/#breadcrumb\",\"itemListElement\":[{\"@type\":\"ListItem\",\"position\":1,\"name\":\"Inicio\",\"item\":\"https:\\\/\\\/www.audox.mx\\\/power-bi-streaming\\\/inicio\\\/\"},{\"@type\":\"ListItem\",\"position\":2,\"name\":\"Servicios\"}]},{\"@type\":\"WebSite\",\"@id\":\"https:\\\/\\\/www.audox.mx\\\/power-bi-streaming\\\/#website\",\"url\":\"https:\\\/\\\/www.audox.mx\\\/power-bi-streaming\\\/\",\"name\":\"Power BI Streaming Expertos\",\"description\":\"\",\"potentialAction\":[{\"@type\":\"SearchAction\",\"target\":{\"@type\":\"EntryPoint\",\"urlTemplate\":\"https:\\\/\\\/www.audox.mx\\\/power-bi-streaming\\\/?s={search_term_string}\"},\"query-input\":{\"@type\":\"PropertyValueSpecification\",\"valueRequired\":true,\"valueName\":\"search_term_string\"}}],\"inLanguage\":\"es\"}]}<\/script>\n<!-- \/ Yoast SEO plugin. -->","yoast_head_json":{"title":"Servicios - Power BI Streaming Expertos","description":"Implementaci\u00f3n, Capacitaci\u00f3n y Soporte Especializado para Power BI Streaming en M\u00e9xico. Potencia Power BI Streaming con nuestros Expertos. Ll\u00e1manos!","robots":{"index":"index","follow":"follow","max-snippet":"max-snippet:-1","max-image-preview":"max-image-preview:large","max-video-preview":"max-video-preview:-1"},"canonical":"https:\/\/www.audox.mx\/power-bi-streaming\/servicios\/","og_locale":"es_MX","og_type":"article","og_title":"Servicios - Power BI Streaming Expertos","og_description":"Implementaci\u00f3n, Capacitaci\u00f3n y Soporte Especializado para Power BI Streaming en M\u00e9xico. Potencia Power BI Streaming con nuestros Expertos. Ll\u00e1manos!","og_url":"https:\/\/www.audox.mx\/power-bi-streaming\/servicios\/","og_site_name":"Power BI Streaming Expertos","twitter_card":"summary_large_image","schema":{"@context":"https:\/\/schema.org","@graph":[{"@type":"WebPage","@id":"https:\/\/www.audox.mx\/power-bi-streaming\/servicios\/","url":"https:\/\/www.audox.mx\/power-bi-streaming\/servicios\/","name":"Servicios - Power BI Streaming Expertos","isPartOf":{"@id":"https:\/\/www.audox.mx\/power-bi-streaming\/#website"},"datePublished":"2024-04-30T18:35:38+00:00","description":"Implementaci\u00f3n, Capacitaci\u00f3n y Soporte Especializado para Power BI Streaming en M\u00e9xico. Potencia Power BI Streaming con nuestros Expertos. Ll\u00e1manos!","breadcrumb":{"@id":"https:\/\/www.audox.mx\/power-bi-streaming\/servicios\/#breadcrumb"},"inLanguage":"es","potentialAction":[{"@type":"ReadAction","target":["https:\/\/www.audox.mx\/power-bi-streaming\/servicios\/"]}]},{"@type":"BreadcrumbList","@id":"https:\/\/www.audox.mx\/power-bi-streaming\/servicios\/#breadcrumb","itemListElement":[{"@type":"ListItem","position":1,"name":"Inicio","item":"https:\/\/www.audox.mx\/power-bi-streaming\/inicio\/"},{"@type":"ListItem","position":2,"name":"Servicios"}]},{"@type":"WebSite","@id":"https:\/\/www.audox.mx\/power-bi-streaming\/#website","url":"https:\/\/www.audox.mx\/power-bi-streaming\/","name":"Power BI Streaming Expertos","description":"","potentialAction":[{"@type":"SearchAction","target":{"@type":"EntryPoint","urlTemplate":"https:\/\/www.audox.mx\/power-bi-streaming\/?s={search_term_string}"},"query-input":{"@type":"PropertyValueSpecification","valueRequired":true,"valueName":"search_term_string"}}],"inLanguage":"es"}]}},"_links":{"self":[{"href":"https:\/\/www.audox.mx\/power-bi-streaming\/wp-json\/wp\/v2\/pages\/3","targetHints":{"allow":["GET"]}}],"collection":[{"href":"https:\/\/www.audox.mx\/power-bi-streaming\/wp-json\/wp\/v2\/pages"}],"about":[{"href":"https:\/\/www.audox.mx\/power-bi-streaming\/wp-json\/wp\/v2\/types\/page"}],"author":[{"embeddable":true,"href":"https:\/\/www.audox.mx\/power-bi-streaming\/wp-json\/wp\/v2\/users\/1"}],"replies":[{"embeddable":true,"href":"https:\/\/www.audox.mx\/power-bi-streaming\/wp-json\/wp\/v2\/comments?post=3"}],"version-history":[{"count":0,"href":"https:\/\/www.audox.mx\/power-bi-streaming\/wp-json\/wp\/v2\/pages\/3\/revisions"}],"wp:attachment":[{"href":"https:\/\/www.audox.mx\/power-bi-streaming\/wp-json\/wp\/v2\/media?parent=3"}],"curies":[{"name":"wp","href":"https:\/\/api.w.org\/{rel}","templated":true}]}}