{"id":15,"date":"2025-02-20T02:14:27","date_gmt":"2025-02-20T02:14:27","guid":{"rendered":"https:\/\/www.audox.mx\/maintainx\/?page_id=15"},"modified":"2025-02-20T02:14:28","modified_gmt":"2025-02-20T02:14:28","slug":"inicio","status":"publish","type":"page","link":"https:\/\/www.audox.mx\/maintainx\/","title":{"rendered":"Inicio"},"content":{"rendered":"","protected":false},"excerpt":{"rendered":"","protected":false},"author":1,"featured_media":0,"parent":0,"menu_order":0,"comment_status":"closed","ping_status":"closed","template":"","meta":{"om_disable_all_campaigns":false,"_monsterinsights_skip_tracking":false,"_monsterinsights_sitenote_active":false,"_monsterinsights_sitenote_note":"","_monsterinsights_sitenote_category":0,"footnotes":""},"class_list":["post-15","page","type-page","status-publish","hentry"],"yoast_head":"<!-- This site is optimized with the Yoast SEO plugin v27.5 - https:\/\/yoast.com\/product\/yoast-seo-wordpress\/ -->\n<title>Inicio - MaintainX Expertos<\/title>\n<meta name=\"description\" content=\"Implementaci\u00f3n, Capacitaci\u00f3n y Soporte Especializado para MaintainX en M\u00e9xico. Potencia MaintainX con nuestros Expertos. Ll\u00e1manos!\" \/>\n<meta name=\"robots\" content=\"index, follow, max-snippet:-1, max-image-preview:large, max-video-preview:-1\" \/>\n<link rel=\"canonical\" href=\"https:\/\/www.audox.mx\/maintainx\/\" \/>\n<meta property=\"og:locale\" content=\"es_MX\" \/>\n<meta property=\"og:type\" content=\"article\" \/>\n<meta property=\"og:title\" content=\"Inicio - MaintainX Expertos\" \/>\n<meta property=\"og:description\" content=\"Implementaci\u00f3n, Capacitaci\u00f3n y Soporte Especializado para MaintainX en M\u00e9xico. Potencia MaintainX con nuestros Expertos. Ll\u00e1manos!\" \/>\n<meta property=\"og:url\" content=\"https:\/\/www.audox.mx\/maintainx\/\" \/>\n<meta property=\"og:site_name\" content=\"MaintainX Expertos\" \/>\n<meta property=\"article:modified_time\" content=\"2025-02-20T02:14:28+00:00\" \/>\n<meta name=\"twitter:card\" content=\"summary_large_image\" \/>\n<script type=\"application\/ld+json\" class=\"yoast-schema-graph\">{\"@context\":\"https:\\\/\\\/schema.org\",\"@graph\":[{\"@type\":\"WebPage\",\"@id\":\"https:\\\/\\\/www.audox.mx\\\/maintainx\\\/\",\"url\":\"https:\\\/\\\/www.audox.mx\\\/maintainx\\\/\",\"name\":\"Inicio - MaintainX Expertos\",\"isPartOf\":{\"@id\":\"https:\\\/\\\/www.audox.mx\\\/maintainx\\\/#website\"},\"datePublished\":\"2025-02-20T02:14:27+00:00\",\"dateModified\":\"2025-02-20T02:14:28+00:00\",\"description\":\"Implementaci\u00f3n, Capacitaci\u00f3n y Soporte Especializado para MaintainX en M\u00e9xico. Potencia MaintainX con nuestros Expertos. Ll\u00e1manos!\",\"breadcrumb\":{\"@id\":\"https:\\\/\\\/www.audox.mx\\\/maintainx\\\/#breadcrumb\"},\"inLanguage\":\"es\",\"potentialAction\":[{\"@type\":\"ReadAction\",\"target\":[\"https:\\\/\\\/www.audox.mx\\\/maintainx\\\/\"]}]},{\"@type\":\"BreadcrumbList\",\"@id\":\"https:\\\/\\\/www.audox.mx\\\/maintainx\\\/#breadcrumb\",\"itemListElement\":[{\"@type\":\"ListItem\",\"position\":1,\"name\":\"Inicio\",\"item\":\"https:\\\/\\\/www.audox.mx\\\/maintainx\\\/\"},{\"@type\":\"ListItem\",\"position\":2,\"name\":\"Inicio\"}]},{\"@type\":\"WebSite\",\"@id\":\"https:\\\/\\\/www.audox.mx\\\/maintainx\\\/#website\",\"url\":\"https:\\\/\\\/www.audox.mx\\\/maintainx\\\/\",\"name\":\"MaintainX Expertos\",\"description\":\"\",\"potentialAction\":[{\"@type\":\"SearchAction\",\"target\":{\"@type\":\"EntryPoint\",\"urlTemplate\":\"https:\\\/\\\/www.audox.mx\\\/maintainx\\\/?s={search_term_string}\"},\"query-input\":{\"@type\":\"PropertyValueSpecification\",\"valueRequired\":true,\"valueName\":\"search_term_string\"}}],\"inLanguage\":\"es\"}]}<\/script>\n<!-- \/ Yoast SEO plugin. -->","yoast_head_json":{"title":"Inicio - MaintainX Expertos","description":"Implementaci\u00f3n, Capacitaci\u00f3n y Soporte Especializado para MaintainX en M\u00e9xico. Potencia MaintainX con nuestros Expertos. Ll\u00e1manos!","robots":{"index":"index","follow":"follow","max-snippet":"max-snippet:-1","max-image-preview":"max-image-preview:large","max-video-preview":"max-video-preview:-1"},"canonical":"https:\/\/www.audox.mx\/maintainx\/","og_locale":"es_MX","og_type":"article","og_title":"Inicio - MaintainX Expertos","og_description":"Implementaci\u00f3n, Capacitaci\u00f3n y Soporte Especializado para MaintainX en M\u00e9xico. Potencia MaintainX con nuestros Expertos. Ll\u00e1manos!","og_url":"https:\/\/www.audox.mx\/maintainx\/","og_site_name":"MaintainX Expertos","article_modified_time":"2025-02-20T02:14:28+00:00","twitter_card":"summary_large_image","schema":{"@context":"https:\/\/schema.org","@graph":[{"@type":"WebPage","@id":"https:\/\/www.audox.mx\/maintainx\/","url":"https:\/\/www.audox.mx\/maintainx\/","name":"Inicio - MaintainX Expertos","isPartOf":{"@id":"https:\/\/www.audox.mx\/maintainx\/#website"},"datePublished":"2025-02-20T02:14:27+00:00","dateModified":"2025-02-20T02:14:28+00:00","description":"Implementaci\u00f3n, Capacitaci\u00f3n y Soporte Especializado para MaintainX en M\u00e9xico. Potencia MaintainX con nuestros Expertos. Ll\u00e1manos!","breadcrumb":{"@id":"https:\/\/www.audox.mx\/maintainx\/#breadcrumb"},"inLanguage":"es","potentialAction":[{"@type":"ReadAction","target":["https:\/\/www.audox.mx\/maintainx\/"]}]},{"@type":"BreadcrumbList","@id":"https:\/\/www.audox.mx\/maintainx\/#breadcrumb","itemListElement":[{"@type":"ListItem","position":1,"name":"Inicio","item":"https:\/\/www.audox.mx\/maintainx\/"},{"@type":"ListItem","position":2,"name":"Inicio"}]},{"@type":"WebSite","@id":"https:\/\/www.audox.mx\/maintainx\/#website","url":"https:\/\/www.audox.mx\/maintainx\/","name":"MaintainX Expertos","description":"","potentialAction":[{"@type":"SearchAction","target":{"@type":"EntryPoint","urlTemplate":"https:\/\/www.audox.mx\/maintainx\/?s={search_term_string}"},"query-input":{"@type":"PropertyValueSpecification","valueRequired":true,"valueName":"search_term_string"}}],"inLanguage":"es"}]}},"_links":{"self":[{"href":"https:\/\/www.audox.mx\/maintainx\/wp-json\/wp\/v2\/pages\/15","targetHints":{"allow":["GET"]}}],"collection":[{"href":"https:\/\/www.audox.mx\/maintainx\/wp-json\/wp\/v2\/pages"}],"about":[{"href":"https:\/\/www.audox.mx\/maintainx\/wp-json\/wp\/v2\/types\/page"}],"author":[{"embeddable":true,"href":"https:\/\/www.audox.mx\/maintainx\/wp-json\/wp\/v2\/users\/1"}],"replies":[{"embeddable":true,"href":"https:\/\/www.audox.mx\/maintainx\/wp-json\/wp\/v2\/comments?post=15"}],"version-history":[{"count":1,"href":"https:\/\/www.audox.mx\/maintainx\/wp-json\/wp\/v2\/pages\/15\/revisions"}],"predecessor-version":[{"id":16,"href":"https:\/\/www.audox.mx\/maintainx\/wp-json\/wp\/v2\/pages\/15\/revisions\/16"}],"wp:attachment":[{"href":"https:\/\/www.audox.mx\/maintainx\/wp-json\/wp\/v2\/media?parent=15"}],"curies":[{"name":"wp","href":"https:\/\/api.w.org\/{rel}","templated":true}]}}