{"id":4,"date":"2025-10-23T12:29:36","date_gmt":"2025-10-23T12:29:36","guid":{"rendered":"https:\/\/www.audox.mx\/lovable\/contacto\/"},"modified":"2025-11-05T19:14:20","modified_gmt":"2025-11-05T19:14:20","slug":"contacto","status":"publish","type":"page","link":"https:\/\/www.audox.mx\/lovable\/contacto\/","title":{"rendered":"Contacto"},"content":{"rendered":"<h2>Lovable Expertos<\/h2>\n<p>Av. P.\u00ba de la Reforma 342, Ju\u00e1rez, Cuauht\u00e9moc, 06600 Ciudad de M\u00e9xico, CDMX, Mexico<br \/><a href=\"mailto:info@audox.mx\">info@audox.mx<\/a><br \/><a href=\"tel:+52 55 8421 7391\">+52 55 8421 7391<\/a><\/p>\n<p><a href=\"tel:+52 55 8421 7391\"><img decoding=\"async\" loading=\"lazy\" src=\"https:\/\/www.audox.cl\/wp-content\/uploads\/2025\/09\/boton-llamanos.png\" alt=\"Ll\u00e1manos\"><\/a><\/p>\n<p><a href=\"https:\/\/www.audox.cl\">Audox Chile<\/a> &#8211; <a href=\"https:\/\/www.audox.es\">Audox Espa\u00f1a<\/a> &#8211; <a href=\"https:\/\/www.audox.com\">Audox English<\/a><\/p>\n<p><a href=\"https:\/\/github.com\/audoxcl\">GitHub<\/a><br \/><a href=\"https:\/\/www.youtube.com\/@audox.com_es\">YouTube Spanish<\/a><br \/><a href=\"https:\/\/www.youtube.com\/@audox.com_en\">YouTube English<\/a><\/p>\n<h3>Otros Servicios<\/h3>\n<p><a href=\"https:\/\/www.audox.mx\/microsoft-365\/\">Microsoft 365<\/a><br \/><a href=\"https:\/\/www.audox.mx\/microsoft-azure\/\">Microsoft Azure<\/a><\/p>\n<h3>\u00bfNecesitas un CRM?<\/h3>\n<p>Te recomendamos <mark><a href=\"https:\/\/www.audox.cl\/go\/pipedrive\">Pipedrive<\/a><\/mark> o <mark><a href=\"https:\/\/www.audox.cl\/go\/hubspot\">HubSpot<\/a><\/mark>.<\/p>\n","protected":false},"excerpt":{"rendered":"<p>Lovable Expertos Av. P.\u00ba de la Reforma 342, Ju\u00e1rez, Cuauht\u00e9moc, 06600 Ciudad de M\u00e9xico, CDMX, Mexicoinfo@audox.mx+52 55 8421 7391 Audox Chile &#8211; Audox Espa\u00f1a &#8211; Audox English GitHubYouTube SpanishYouTube English Otros Servicios Microsoft 365Microsoft Azure \u00bfNecesitas un CRM? Te recomendamos &hellip;<\/p>\n<p class=\"read-more\"> <a class=\"more-link\" href=\"https:\/\/www.audox.mx\/lovable\/contacto\/\"> <span class=\"screen-reader-text\">Contacto<\/span> Leer m\u00e1s \u00bb<\/a><\/p>\n","protected":false},"author":1,"featured_media":0,"parent":0,"menu_order":6,"comment_status":"closed","ping_status":"closed","template":"","meta":{"om_disable_all_campaigns":false,"_monsterinsights_skip_tracking":false,"_monsterinsights_sitenote_active":false,"_monsterinsights_sitenote_note":"","_monsterinsights_sitenote_category":0,"footnotes":""},"class_list":["post-4","page","type-page","status-publish","hentry"],"yoast_head":"<!-- This site is optimized with the Yoast SEO plugin v27.3 - https:\/\/yoast.com\/product\/yoast-seo-wordpress\/ -->\n<title>Contacto - Lovable Expertos<\/title>\n<meta name=\"description\" content=\"Implementaci\u00f3n, Capacitaci\u00f3n y Soporte Especializado para Lovable en M\u00e9xico. Potencia Lovable con nuestros Expertos. Ll\u00e1manos!\" \/>\n<meta name=\"robots\" content=\"index, follow, max-snippet:-1, max-image-preview:large, max-video-preview:-1\" \/>\n<link rel=\"canonical\" href=\"https:\/\/www.audox.mx\/lovable\/contacto\/\" \/>\n<meta property=\"og:locale\" content=\"es_MX\" \/>\n<meta property=\"og:type\" content=\"article\" \/>\n<meta property=\"og:title\" content=\"Contacto - Lovable Expertos\" \/>\n<meta property=\"og:description\" content=\"Implementaci\u00f3n, Capacitaci\u00f3n y Soporte Especializado para Lovable en M\u00e9xico. Potencia Lovable con nuestros Expertos. Ll\u00e1manos!\" \/>\n<meta property=\"og:url\" content=\"https:\/\/www.audox.mx\/lovable\/contacto\/\" \/>\n<meta property=\"og:site_name\" content=\"Lovable Expertos\" \/>\n<meta property=\"article:modified_time\" content=\"2025-11-05T19:14:20+00:00\" \/>\n<meta property=\"og:image\" content=\"https:\/\/www.audox.cl\/wp-content\/uploads\/2025\/09\/boton-llamanos.png\" \/>\n<meta name=\"twitter:card\" content=\"summary_large_image\" \/>\n<script type=\"application\/ld+json\" class=\"yoast-schema-graph\">{\"@context\":\"https:\\\/\\\/schema.org\",\"@graph\":[{\"@type\":\"WebPage\",\"@id\":\"https:\\\/\\\/www.audox.mx\\\/lovable\\\/contacto\\\/\",\"url\":\"https:\\\/\\\/www.audox.mx\\\/lovable\\\/contacto\\\/\",\"name\":\"Contacto - Lovable Expertos\",\"isPartOf\":{\"@id\":\"https:\\\/\\\/www.audox.mx\\\/lovable\\\/#website\"},\"primaryImageOfPage\":{\"@id\":\"https:\\\/\\\/www.audox.mx\\\/lovable\\\/contacto\\\/#primaryimage\"},\"image\":{\"@id\":\"https:\\\/\\\/www.audox.mx\\\/lovable\\\/contacto\\\/#primaryimage\"},\"thumbnailUrl\":\"https:\\\/\\\/www.audox.cl\\\/wp-content\\\/uploads\\\/2025\\\/09\\\/boton-llamanos.png\",\"datePublished\":\"2025-10-23T12:29:36+00:00\",\"dateModified\":\"2025-11-05T19:14:20+00:00\",\"description\":\"Implementaci\u00f3n, Capacitaci\u00f3n y Soporte Especializado para Lovable en M\u00e9xico. Potencia Lovable con nuestros Expertos. Ll\u00e1manos!\",\"breadcrumb\":{\"@id\":\"https:\\\/\\\/www.audox.mx\\\/lovable\\\/contacto\\\/#breadcrumb\"},\"inLanguage\":\"es\",\"potentialAction\":[{\"@type\":\"ReadAction\",\"target\":[\"https:\\\/\\\/www.audox.mx\\\/lovable\\\/contacto\\\/\"]}]},{\"@type\":\"ImageObject\",\"inLanguage\":\"es\",\"@id\":\"https:\\\/\\\/www.audox.mx\\\/lovable\\\/contacto\\\/#primaryimage\",\"url\":\"https:\\\/\\\/www.audox.cl\\\/wp-content\\\/uploads\\\/2025\\\/09\\\/boton-llamanos.png\",\"contentUrl\":\"https:\\\/\\\/www.audox.cl\\\/wp-content\\\/uploads\\\/2025\\\/09\\\/boton-llamanos.png\"},{\"@type\":\"BreadcrumbList\",\"@id\":\"https:\\\/\\\/www.audox.mx\\\/lovable\\\/contacto\\\/#breadcrumb\",\"itemListElement\":[{\"@type\":\"ListItem\",\"position\":1,\"name\":\"Inicio\",\"item\":\"https:\\\/\\\/www.audox.mx\\\/lovable\\\/inicio\\\/\"},{\"@type\":\"ListItem\",\"position\":2,\"name\":\"Contacto\"}]},{\"@type\":\"WebSite\",\"@id\":\"https:\\\/\\\/www.audox.mx\\\/lovable\\\/#website\",\"url\":\"https:\\\/\\\/www.audox.mx\\\/lovable\\\/\",\"name\":\"Lovable Expertos\",\"description\":\"\",\"potentialAction\":[{\"@type\":\"SearchAction\",\"target\":{\"@type\":\"EntryPoint\",\"urlTemplate\":\"https:\\\/\\\/www.audox.mx\\\/lovable\\\/?s={search_term_string}\"},\"query-input\":{\"@type\":\"PropertyValueSpecification\",\"valueRequired\":true,\"valueName\":\"search_term_string\"}}],\"inLanguage\":\"es\"}]}<\/script>\n<!-- \/ Yoast SEO plugin. -->","yoast_head_json":{"title":"Contacto - Lovable Expertos","description":"Implementaci\u00f3n, Capacitaci\u00f3n y Soporte Especializado para Lovable en M\u00e9xico. Potencia Lovable con nuestros Expertos. Ll\u00e1manos!","robots":{"index":"index","follow":"follow","max-snippet":"max-snippet:-1","max-image-preview":"max-image-preview:large","max-video-preview":"max-video-preview:-1"},"canonical":"https:\/\/www.audox.mx\/lovable\/contacto\/","og_locale":"es_MX","og_type":"article","og_title":"Contacto - Lovable Expertos","og_description":"Implementaci\u00f3n, Capacitaci\u00f3n y Soporte Especializado para Lovable en M\u00e9xico. Potencia Lovable con nuestros Expertos. Ll\u00e1manos!","og_url":"https:\/\/www.audox.mx\/lovable\/contacto\/","og_site_name":"Lovable Expertos","article_modified_time":"2025-11-05T19:14:20+00:00","og_image":[{"url":"https:\/\/www.audox.cl\/wp-content\/uploads\/2025\/09\/boton-llamanos.png","type":"","width":"","height":""}],"twitter_card":"summary_large_image","schema":{"@context":"https:\/\/schema.org","@graph":[{"@type":"WebPage","@id":"https:\/\/www.audox.mx\/lovable\/contacto\/","url":"https:\/\/www.audox.mx\/lovable\/contacto\/","name":"Contacto - Lovable Expertos","isPartOf":{"@id":"https:\/\/www.audox.mx\/lovable\/#website"},"primaryImageOfPage":{"@id":"https:\/\/www.audox.mx\/lovable\/contacto\/#primaryimage"},"image":{"@id":"https:\/\/www.audox.mx\/lovable\/contacto\/#primaryimage"},"thumbnailUrl":"https:\/\/www.audox.cl\/wp-content\/uploads\/2025\/09\/boton-llamanos.png","datePublished":"2025-10-23T12:29:36+00:00","dateModified":"2025-11-05T19:14:20+00:00","description":"Implementaci\u00f3n, Capacitaci\u00f3n y Soporte Especializado para Lovable en M\u00e9xico. Potencia Lovable con nuestros Expertos. Ll\u00e1manos!","breadcrumb":{"@id":"https:\/\/www.audox.mx\/lovable\/contacto\/#breadcrumb"},"inLanguage":"es","potentialAction":[{"@type":"ReadAction","target":["https:\/\/www.audox.mx\/lovable\/contacto\/"]}]},{"@type":"ImageObject","inLanguage":"es","@id":"https:\/\/www.audox.mx\/lovable\/contacto\/#primaryimage","url":"https:\/\/www.audox.cl\/wp-content\/uploads\/2025\/09\/boton-llamanos.png","contentUrl":"https:\/\/www.audox.cl\/wp-content\/uploads\/2025\/09\/boton-llamanos.png"},{"@type":"BreadcrumbList","@id":"https:\/\/www.audox.mx\/lovable\/contacto\/#breadcrumb","itemListElement":[{"@type":"ListItem","position":1,"name":"Inicio","item":"https:\/\/www.audox.mx\/lovable\/inicio\/"},{"@type":"ListItem","position":2,"name":"Contacto"}]},{"@type":"WebSite","@id":"https:\/\/www.audox.mx\/lovable\/#website","url":"https:\/\/www.audox.mx\/lovable\/","name":"Lovable Expertos","description":"","potentialAction":[{"@type":"SearchAction","target":{"@type":"EntryPoint","urlTemplate":"https:\/\/www.audox.mx\/lovable\/?s={search_term_string}"},"query-input":{"@type":"PropertyValueSpecification","valueRequired":true,"valueName":"search_term_string"}}],"inLanguage":"es"}]}},"_links":{"self":[{"href":"https:\/\/www.audox.mx\/lovable\/wp-json\/wp\/v2\/pages\/4","targetHints":{"allow":["GET"]}}],"collection":[{"href":"https:\/\/www.audox.mx\/lovable\/wp-json\/wp\/v2\/pages"}],"about":[{"href":"https:\/\/www.audox.mx\/lovable\/wp-json\/wp\/v2\/types\/page"}],"author":[{"embeddable":true,"href":"https:\/\/www.audox.mx\/lovable\/wp-json\/wp\/v2\/users\/1"}],"replies":[{"embeddable":true,"href":"https:\/\/www.audox.mx\/lovable\/wp-json\/wp\/v2\/comments?post=4"}],"version-history":[{"count":1,"href":"https:\/\/www.audox.mx\/lovable\/wp-json\/wp\/v2\/pages\/4\/revisions"}],"predecessor-version":[{"id":5,"href":"https:\/\/www.audox.mx\/lovable\/wp-json\/wp\/v2\/pages\/4\/revisions\/5"}],"wp:attachment":[{"href":"https:\/\/www.audox.mx\/lovable\/wp-json\/wp\/v2\/media?parent=4"}],"curies":[{"name":"wp","href":"https:\/\/api.w.org\/{rel}","templated":true}]}}