{"id":7,"date":"2025-10-18T21:02:42","date_gmt":"2025-10-18T21:02:42","guid":{"rendered":"https:\/\/www.audox.mx\/ethical-hacking\/inicio\/"},"modified":"2025-10-18T21:02:42","modified_gmt":"2025-10-18T21:02:42","slug":"inicio","status":"publish","type":"page","link":"https:\/\/www.audox.mx\/ethical-hacking\/","title":{"rendered":"Inicio"},"content":{"rendered":"","protected":false},"excerpt":{"rendered":"","protected":false},"author":1,"featured_media":0,"parent":0,"menu_order":0,"comment_status":"closed","ping_status":"closed","template":"","meta":{"om_disable_all_campaigns":false,"_monsterinsights_skip_tracking":false,"_monsterinsights_sitenote_active":false,"_monsterinsights_sitenote_note":"","_monsterinsights_sitenote_category":0,"footnotes":""},"class_list":["post-7","page","type-page","status-publish","hentry"],"yoast_head":"<!-- This site is optimized with the Yoast SEO plugin v27.3 - https:\/\/yoast.com\/product\/yoast-seo-wordpress\/ -->\n<title>Inicio - Ethical Hacking Expertos<\/title>\n<meta name=\"description\" content=\"Implementaci\u00f3n, Capacitaci\u00f3n y Soporte Especializado para Ethical Hacking en M\u00e9xico. Potencia Ethical Hacking con nuestros Expertos. Ll\u00e1manos!\" \/>\n<meta name=\"robots\" content=\"index, follow, max-snippet:-1, max-image-preview:large, max-video-preview:-1\" \/>\n<link rel=\"canonical\" href=\"https:\/\/www.audox.mx\/ethical-hacking\/inicio\/\" \/>\n<meta property=\"og:locale\" content=\"es_MX\" \/>\n<meta property=\"og:type\" content=\"article\" \/>\n<meta property=\"og:title\" content=\"Inicio - Ethical Hacking Expertos\" \/>\n<meta property=\"og:description\" content=\"Implementaci\u00f3n, Capacitaci\u00f3n y Soporte Especializado para Ethical Hacking en M\u00e9xico. Potencia Ethical Hacking con nuestros Expertos. Ll\u00e1manos!\" \/>\n<meta property=\"og:url\" content=\"https:\/\/www.audox.mx\/ethical-hacking\/inicio\/\" \/>\n<meta property=\"og:site_name\" content=\"Ethical Hacking Expertos\" \/>\n<meta name=\"twitter:card\" content=\"summary_large_image\" \/>\n<script type=\"application\/ld+json\" class=\"yoast-schema-graph\">{\"@context\":\"https:\\\/\\\/schema.org\",\"@graph\":[{\"@type\":\"WebPage\",\"@id\":\"https:\\\/\\\/www.audox.mx\\\/ethical-hacking\\\/inicio\\\/\",\"url\":\"https:\\\/\\\/www.audox.mx\\\/ethical-hacking\\\/inicio\\\/\",\"name\":\"Inicio - Ethical Hacking Expertos\",\"isPartOf\":{\"@id\":\"https:\\\/\\\/www.audox.mx\\\/ethical-hacking\\\/#website\"},\"datePublished\":\"2025-10-18T21:02:42+00:00\",\"description\":\"Implementaci\u00f3n, Capacitaci\u00f3n y Soporte Especializado para Ethical Hacking en M\u00e9xico. Potencia Ethical Hacking con nuestros Expertos. Ll\u00e1manos!\",\"breadcrumb\":{\"@id\":\"https:\\\/\\\/www.audox.mx\\\/ethical-hacking\\\/inicio\\\/#breadcrumb\"},\"inLanguage\":\"es\",\"potentialAction\":[{\"@type\":\"ReadAction\",\"target\":[\"https:\\\/\\\/www.audox.mx\\\/ethical-hacking\\\/inicio\\\/\"]}]},{\"@type\":\"BreadcrumbList\",\"@id\":\"https:\\\/\\\/www.audox.mx\\\/ethical-hacking\\\/inicio\\\/#breadcrumb\",\"itemListElement\":[{\"@type\":\"ListItem\",\"position\":1,\"name\":\"Inicio\",\"item\":\"https:\\\/\\\/www.audox.mx\\\/ethical-hacking\\\/inicio\\\/\"},{\"@type\":\"ListItem\",\"position\":2,\"name\":\"Inicio\"}]},{\"@type\":\"WebSite\",\"@id\":\"https:\\\/\\\/www.audox.mx\\\/ethical-hacking\\\/#website\",\"url\":\"https:\\\/\\\/www.audox.mx\\\/ethical-hacking\\\/\",\"name\":\"Ethical Hacking Expertos\",\"description\":\"\",\"potentialAction\":[{\"@type\":\"SearchAction\",\"target\":{\"@type\":\"EntryPoint\",\"urlTemplate\":\"https:\\\/\\\/www.audox.mx\\\/ethical-hacking\\\/?s={search_term_string}\"},\"query-input\":{\"@type\":\"PropertyValueSpecification\",\"valueRequired\":true,\"valueName\":\"search_term_string\"}}],\"inLanguage\":\"es\"}]}<\/script>\n<!-- \/ Yoast SEO plugin. -->","yoast_head_json":{"title":"Inicio - Ethical Hacking Expertos","description":"Implementaci\u00f3n, Capacitaci\u00f3n y Soporte Especializado para Ethical Hacking en M\u00e9xico. Potencia Ethical Hacking con nuestros Expertos. Ll\u00e1manos!","robots":{"index":"index","follow":"follow","max-snippet":"max-snippet:-1","max-image-preview":"max-image-preview:large","max-video-preview":"max-video-preview:-1"},"canonical":"https:\/\/www.audox.mx\/ethical-hacking\/inicio\/","og_locale":"es_MX","og_type":"article","og_title":"Inicio - Ethical Hacking Expertos","og_description":"Implementaci\u00f3n, Capacitaci\u00f3n y Soporte Especializado para Ethical Hacking en M\u00e9xico. Potencia Ethical Hacking con nuestros Expertos. Ll\u00e1manos!","og_url":"https:\/\/www.audox.mx\/ethical-hacking\/inicio\/","og_site_name":"Ethical Hacking Expertos","twitter_card":"summary_large_image","schema":{"@context":"https:\/\/schema.org","@graph":[{"@type":"WebPage","@id":"https:\/\/www.audox.mx\/ethical-hacking\/inicio\/","url":"https:\/\/www.audox.mx\/ethical-hacking\/inicio\/","name":"Inicio - Ethical Hacking Expertos","isPartOf":{"@id":"https:\/\/www.audox.mx\/ethical-hacking\/#website"},"datePublished":"2025-10-18T21:02:42+00:00","description":"Implementaci\u00f3n, Capacitaci\u00f3n y Soporte Especializado para Ethical Hacking en M\u00e9xico. Potencia Ethical Hacking con nuestros Expertos. Ll\u00e1manos!","breadcrumb":{"@id":"https:\/\/www.audox.mx\/ethical-hacking\/inicio\/#breadcrumb"},"inLanguage":"es","potentialAction":[{"@type":"ReadAction","target":["https:\/\/www.audox.mx\/ethical-hacking\/inicio\/"]}]},{"@type":"BreadcrumbList","@id":"https:\/\/www.audox.mx\/ethical-hacking\/inicio\/#breadcrumb","itemListElement":[{"@type":"ListItem","position":1,"name":"Inicio","item":"https:\/\/www.audox.mx\/ethical-hacking\/inicio\/"},{"@type":"ListItem","position":2,"name":"Inicio"}]},{"@type":"WebSite","@id":"https:\/\/www.audox.mx\/ethical-hacking\/#website","url":"https:\/\/www.audox.mx\/ethical-hacking\/","name":"Ethical Hacking Expertos","description":"","potentialAction":[{"@type":"SearchAction","target":{"@type":"EntryPoint","urlTemplate":"https:\/\/www.audox.mx\/ethical-hacking\/?s={search_term_string}"},"query-input":{"@type":"PropertyValueSpecification","valueRequired":true,"valueName":"search_term_string"}}],"inLanguage":"es"}]}},"_links":{"self":[{"href":"https:\/\/www.audox.mx\/ethical-hacking\/wp-json\/wp\/v2\/pages\/7","targetHints":{"allow":["GET"]}}],"collection":[{"href":"https:\/\/www.audox.mx\/ethical-hacking\/wp-json\/wp\/v2\/pages"}],"about":[{"href":"https:\/\/www.audox.mx\/ethical-hacking\/wp-json\/wp\/v2\/types\/page"}],"author":[{"embeddable":true,"href":"https:\/\/www.audox.mx\/ethical-hacking\/wp-json\/wp\/v2\/users\/1"}],"replies":[{"embeddable":true,"href":"https:\/\/www.audox.mx\/ethical-hacking\/wp-json\/wp\/v2\/comments?post=7"}],"version-history":[{"count":0,"href":"https:\/\/www.audox.mx\/ethical-hacking\/wp-json\/wp\/v2\/pages\/7\/revisions"}],"wp:attachment":[{"href":"https:\/\/www.audox.mx\/ethical-hacking\/wp-json\/wp\/v2\/media?parent=7"}],"curies":[{"name":"wp","href":"https:\/\/api.w.org\/{rel}","templated":true}]}}